{"id":14,"date":"2022-01-06T12:50:40","date_gmt":"2022-01-06T12:50:40","guid":{"rendered":"https:\/\/werkalecinmuebles.com.ar\/?page_id=14"},"modified":"2022-01-07T12:57:32","modified_gmt":"2022-01-07T12:57:32","slug":"quienes-somos","status":"publish","type":"page","link":"https:\/\/werkalecinmuebles.com.ar\/index.php\/quienes-somos\/","title":{"rendered":"Quienes somos"},"content":{"rendered":"<div class=\"wpb-content-wrapper\"><p>[vc_row][vc_column css=&#8221;.vc_custom_1512407858131{padding-top: 12px !important;padding-bottom: 24px !important;}&#8221;][vc_row_inner][vc_column_inner width=&#8221;1\/2&#8243;]<div class=\"mh-heading-wrapper--left \">\n\t\n        <div class=\"mh-heading-wrapper\">\n            <h3            class=\"mh-heading  mh-heading--bottom-separator    vc_custom_1641559880201\"\n            style=\"font-weight:700;\">\n\t\t\tNosotros        <\/h3>\n\n\t\t            <div class=\"mh-subheading \"\n                 style=\"\">\n\t\t\t\tLiderados por DANIELA WERKALEC, CI Mat 0653 de Rosario, Argentina, nos especializamos en la compra y venta de propiedades en Espa\u00f1a, especialmente en Barcelona. Resolvemos todas las instancias: legales, contables, financieras y te acompa\u00f1amos luego para proteger y potenciar tu inversi\u00f3n.            <\/div>\n\t\t    <\/div>\n\n\t<\/div>[\/vc_column_inner][vc_column_inner width=&#8221;1\/2&#8243;]<div class=\"mh-heading-wrapper--left \">\n\t\n        <div class=\"mh-heading-wrapper\">\n            <h3            class=\"mh-heading  mh-heading--bottom-separator    vc_custom_1641560009586\"\n            style=\"font-weight:700;\">\n\t\t\tNuestra visi\u00f3n        <\/h3>\n\n\t\t            <div class=\"mh-subheading \"\n                 style=\"\">\n\t\t\t\tTransformarnos en la inmobiliaria lider de Argentina, con profesionalidad y calidez, referentes para los argentinos que quieran dar el gran paso de realizar una inversi\u00f3n en Espa\u00f1a, para resguardar su capital y obtener rentas en Euros.            <\/div>\n\t\t    <\/div>\n\n\t<\/div>[\/vc_column_inner][\/vc_row_inner][\/vc_column][\/vc_row][vc_row full_width=&#8221;stretch_row_content_no_spaces&#8221; equal_height=&#8221;yes&#8221; content_placement=&#8221;middle&#8221; css=&#8221;.vc_custom_1496137208354{background-color: #f4f4f4 !important;}&#8221;][vc_column width=&#8221;1\/2&#8243; css=&#8221;.vc_custom_1496231432424{padding-top: 0px !important;background-position: center !important;background-repeat: no-repeat !important;background-size: cover !important;}&#8221; el_class=&#8221;mh-2-col-image&#8221;][vc_single_image image=&#8221;105&#8243; img_size=&#8221;960&#215;742&#8243; css=&#8221;.vc_custom_1641527245886{margin-bottom: 0px !important;}&#8221;][\/vc_column][vc_column width=&#8221;1\/2&#8243; el_class=&#8221;mh-2-col-text&#8221;]<div class=\"mh-heading-wrapper--left \">\n\t\n        <div class=\"mh-heading-wrapper\">\n            <h2            class=\"mh-heading  mh-heading--bottom-separator   \"\n            style=\"font-weight:700;\">\n\t\t\t\u00bf Quer\u00e9s ver la posibilidad de invertir en ESPA\u00d1A?        <\/h2>\n\n\t\t    <\/div>\n\n\t<\/div>[vc_column_text el_class=&#8221;mh-font-size-m&#8221;]Realizar una inversi\u00f3n inmobiliaria, es una de las decisiones m\u00e1s importantes de nuestras vidas. Sobre todo si es la primera operaci\u00f3n que realizamos.<\/p>\n<p>Mucho m\u00e1s si es en otro pa\u00eds, a miles de kms de distancia.<\/p>\n<p>Lamentablemente la realidad de nuestro pa\u00eds, nos lleva a buscar opciones para el resguardo de nuestro capital en sitios m\u00e1s seguros.<\/p>\n<p>ESPA\u00d1A es uno de los pa\u00edses con m\u00e1s fuertes medidas y protecciones\u00a0 para la captaci\u00f3n de inversiones extranjeras inmobiliarias extranjeras.<\/p>\n<p>No s\u00f3lo dise\u00f1o un documento a tal fin ( el NIE ) sino que adem\u00e1s es el \u00fanico pa\u00eds europeo que entrega cr\u00e9ditos hipotecarios a extranjeros.<\/p>\n<p>Es el mejor momento para asegurar tu inversi\u00f3n y obtener las rentabilidades que te merec\u00e9s.<\/p>\n<p>Viv\u00ed en Argentina con rentas en Euros mientras tu capital aumenta con el aumento previsto de las propiedades en ESPA\u00d1A para este 2022.<\/p>\n<p>\u00bf Qu\u00e9 estas esperando? Contactanos por privado para que podamos concretar tu proyecto.<\/p>\n<p>[\/vc_column_text][\/vc_column][\/vc_row][vc_row full_width=&#8221;stretch_row&#8221; css=&#8221;.vc_custom_1494609590746{background-color: #f4f4f4 !important;}&#8221;][vc_column css=&#8221;.vc_custom_1494609678662{padding-top: 39px !important;padding-bottom: 24px !important;}&#8221;]<div class=\" \">\n\t\n        <div class=\"mh-heading-wrapper\">\n            <h2            class=\"mh-heading  mh-heading--bottom-separator   \"\n            style=\"font-weight:700;\">\n\t\t\tNoticias inmobiliarias        <\/h2>\n\n\t\t    <\/div>\n\n\t<\/div>\t<div class=\"owl-carousel owl-carousel--visible-3 \">\n\t\t\t\t\t<article\n\t\t\t\tclass=\"mh-post-grid mh-post-grid--img-absolute mh-post-grid--white post-394 post type-post status-publish format-standard has-post-thumbnail hentry category-notas\">\n\t\t\t\t<a href=\"https:\/\/werkalecinmuebles.com.ar\/index.php\/2025\/08\/06\/bienestar-en-el-hogar-la-importancia-de-una-arquitectura-emocional\/\"\n\t\t\t\t   title=\"Bienestar en el Hogar: La Importancia de una Arquitectura Emocional\"\n\t\t\t\t   class=\"mh-post-grid__thumbnail\">\n\t\t\t\t\t\t\t\t\t\t\t<div class=\"mh-thumbnail__inner \">\n\t\t\t\t\t\t\t\t\t<img\n\t\t\t\t\t\t\tdata-srcset=\"https:\/\/werkalecinmuebles.com.ar\/wp-content\/uploads\/2025\/08\/vida7-ezgif.com-png-to-webp-converter-120x75.webp 120w, https:\/\/werkalecinmuebles.com.ar\/wp-content\/uploads\/2025\/08\/vida7-ezgif.com-png-to-webp-converter-600x375.webp 600w, https:\/\/werkalecinmuebles.com.ar\/wp-content\/uploads\/2025\/08\/vida7-ezgif.com-png-to-webp-converter-400x250.webp 400w, https:\/\/werkalecinmuebles.com.ar\/wp-content\/uploads\/2025\/08\/vida7-ezgif.com-png-to-webp-converter-224x140.webp 224w\"\n\t\t\t\tclass=\"lazyload \"\n\t\t\t\tdata-sizes=\"auto\"\n\t\t\t\t\t\talt=\"Bienestar en el Hogar: La Importancia de una Arquitectura Emocional\"\n\t\t>\n\t\t\t\t\t\t\t\t<\/div>\n\t\t\t\t\t\t<span class=\"mh-caption\">\n\t\t\t\t\t\t\t\t<span class=\"mh-caption__inner\">6 de agosto de 2025<\/span>\n\t\t\t\t\t\t\t<\/span>\n\t\t\t\t\t\t\t\t\t<\/a>\n\t\t\t\t<div class=\"mh-post-grid__inner\">\n\t\t\t\t\t<h3 class=\"mh-post-grid__heading\">\n\t\t\t\t\t\t<a href=\"https:\/\/werkalecinmuebles.com.ar\/index.php\/2025\/08\/06\/bienestar-en-el-hogar-la-importancia-de-una-arquitectura-emocional\/\" title=\"Bienestar en el Hogar: La Importancia de una Arquitectura Emocional\">\n\t\t\t\t\t\t\tBienestar en el Hogar: La Importancia de una Arquitectura Emocional\t\t\t\t\t\t<\/a>\n\t\t\t\t\t<\/h3>\n\t\t\t\t\t<div class=\"mh-post-grid__excerpt\">\n\t\t\t\t\t\tLa arquitectura emocional juega un papel crucial en nuestro bienestar diario, influyendo directamente en c\u00f3mo nos sentimos en nuestros hogares. Imagina llegar a casa despu\u00e9s de un largo d\u00eda y ser recibido por techos altos...\t\t\t\t\t<\/div>\n\t\t\t\t\t<div class=\"mh-post-grid__btn-wrapper\">\n\t\t\t\t\t\t<a href=\"https:\/\/werkalecinmuebles.com.ar\/index.php\/2025\/08\/06\/bienestar-en-el-hogar-la-importancia-de-una-arquitectura-emocional\/\" title=\"Bienestar en el Hogar: La Importancia de una Arquitectura Emocional\"\n\t\t\t\t\t\t   class=\"mdl-button mdl-js-button mdl-button--raised mdl-button--primary-ghost\">\n\t\t\t\t\t\t\tRead more\t\t\t\t\t\t<\/a>\n\t\t\t\t\t<\/div>\n\t\t\t\t<\/div>\n\t\t\t<\/article>\n\t\t\t\t\t<article\n\t\t\t\tclass=\"mh-post-grid mh-post-grid--img-absolute mh-post-grid--white post-390 post type-post status-publish format-standard has-post-thumbnail hentry category-notas\">\n\t\t\t\t<a href=\"https:\/\/werkalecinmuebles.com.ar\/index.php\/2025\/07\/06\/mudanza-con-hijos-desde-rosario-guia-completa-para-una-transicion-exitosa\/\"\n\t\t\t\t   title=\"Mudanza con hijos desde Rosario: Gu\u00eda completa para una transici\u00f3n exitosa\"\n\t\t\t\t   class=\"mh-post-grid__thumbnail\">\n\t\t\t\t\t\t\t\t\t\t\t<div class=\"mh-thumbnail__inner \">\n\t\t\t\t\t\t\t\t\t<img\n\t\t\t\t\t\t\tdata-srcset=\"https:\/\/werkalecinmuebles.com.ar\/wp-content\/uploads\/2025\/08\/Image_fx1-ezgif.com-png-to-webp-converter-120x75.webp 120w, https:\/\/werkalecinmuebles.com.ar\/wp-content\/uploads\/2025\/08\/Image_fx1-ezgif.com-png-to-webp-converter-600x375.webp 600w, https:\/\/werkalecinmuebles.com.ar\/wp-content\/uploads\/2025\/08\/Image_fx1-ezgif.com-png-to-webp-converter-400x250.webp 400w, https:\/\/werkalecinmuebles.com.ar\/wp-content\/uploads\/2025\/08\/Image_fx1-ezgif.com-png-to-webp-converter-224x140.webp 224w\"\n\t\t\t\tclass=\"lazyload \"\n\t\t\t\tdata-sizes=\"auto\"\n\t\t\t\t\t\talt=\"Mudanza con hijos desde Rosario: Gu\u00eda completa para una transici\u00f3n exitosa\"\n\t\t>\n\t\t\t\t\t\t\t\t<\/div>\n\t\t\t\t\t\t<span class=\"mh-caption\">\n\t\t\t\t\t\t\t\t<span class=\"mh-caption__inner\">6 de julio de 2025<\/span>\n\t\t\t\t\t\t\t<\/span>\n\t\t\t\t\t\t\t\t\t<\/a>\n\t\t\t\t<div class=\"mh-post-grid__inner\">\n\t\t\t\t\t<h3 class=\"mh-post-grid__heading\">\n\t\t\t\t\t\t<a href=\"https:\/\/werkalecinmuebles.com.ar\/index.php\/2025\/07\/06\/mudanza-con-hijos-desde-rosario-guia-completa-para-una-transicion-exitosa\/\" title=\"Mudanza con hijos desde Rosario: Gu\u00eda completa para una transici\u00f3n exitosa\">\n\t\t\t\t\t\t\tMudanza con hijos desde Rosario: Gu\u00eda completa para una transici\u00f3n exitosa\t\t\t\t\t\t<\/a>\n\t\t\t\t\t<\/h3>\n\t\t\t\t\t<div class=\"mh-post-grid__excerpt\">\n\t\t\t\t\t\tMudarse con hijos desde Rosario puede ser una aventura emocionante y desafiante a la vez. Al planificar esta transici\u00f3n, es crucial tener en cuenta diversos factores que aseguren una mudanza con \u00e9xito, como la seguridad...\t\t\t\t\t<\/div>\n\t\t\t\t\t<div class=\"mh-post-grid__btn-wrapper\">\n\t\t\t\t\t\t<a href=\"https:\/\/werkalecinmuebles.com.ar\/index.php\/2025\/07\/06\/mudanza-con-hijos-desde-rosario-guia-completa-para-una-transicion-exitosa\/\" title=\"Mudanza con hijos desde Rosario: Gu\u00eda completa para una transici\u00f3n exitosa\"\n\t\t\t\t\t\t   class=\"mdl-button mdl-js-button mdl-button--raised mdl-button--primary-ghost\">\n\t\t\t\t\t\t\tRead more\t\t\t\t\t\t<\/a>\n\t\t\t\t\t<\/div>\n\t\t\t\t<\/div>\n\t\t\t<\/article>\n\t\t\t\t\t<article\n\t\t\t\tclass=\"mh-post-grid mh-post-grid--img-absolute mh-post-grid--white post-375 post type-post status-publish format-standard has-post-thumbnail hentry category-notas\">\n\t\t\t\t<a href=\"https:\/\/werkalecinmuebles.com.ar\/index.php\/2025\/06\/06\/vida-club-de-campo-la-vida-familiar-perfecta-en-funes\/\"\n\t\t\t\t   title=\"Vida Club de Campo: La vida familiar perfecta en Funes\"\n\t\t\t\t   class=\"mh-post-grid__thumbnail\">\n\t\t\t\t\t\t\t\t\t\t\t<div class=\"mh-thumbnail__inner \">\n\t\t\t\t\t\t\t\t\t<img\n\t\t\t\t\t\t\tdata-srcset=\"https:\/\/werkalecinmuebles.com.ar\/wp-content\/uploads\/2025\/08\/vida-120x75.webp 120w, https:\/\/werkalecinmuebles.com.ar\/wp-content\/uploads\/2025\/08\/vida-400x250.webp 400w, https:\/\/werkalecinmuebles.com.ar\/wp-content\/uploads\/2025\/08\/vida-224x140.webp 224w\"\n\t\t\t\tclass=\"lazyload \"\n\t\t\t\tdata-sizes=\"auto\"\n\t\t\t\t\t\talt=\"Vida Club de Campo: La vida familiar perfecta en Funes\"\n\t\t>\n\t\t\t\t\t\t\t\t<\/div>\n\t\t\t\t\t\t<span class=\"mh-caption\">\n\t\t\t\t\t\t\t\t<span class=\"mh-caption__inner\">6 de junio de 2025<\/span>\n\t\t\t\t\t\t\t<\/span>\n\t\t\t\t\t\t\t\t\t<\/a>\n\t\t\t\t<div class=\"mh-post-grid__inner\">\n\t\t\t\t\t<h3 class=\"mh-post-grid__heading\">\n\t\t\t\t\t\t<a href=\"https:\/\/werkalecinmuebles.com.ar\/index.php\/2025\/06\/06\/vida-club-de-campo-la-vida-familiar-perfecta-en-funes\/\" title=\"Vida Club de Campo: La vida familiar perfecta en Funes\">\n\t\t\t\t\t\t\tVida Club de Campo: La vida familiar perfecta en Funes\t\t\t\t\t\t<\/a>\n\t\t\t\t\t<\/h3>\n\t\t\t\t\t<div class=\"mh-post-grid__excerpt\">\n\t\t\t\t\t\tVivir en un club de campo como Vida Club de Campo en Funes ofrece una experiencia \u00fanica para familias que buscan un entorno seguro y amigable para criar a sus hijos. La cercan\u00eda de diversas...\t\t\t\t\t<\/div>\n\t\t\t\t\t<div class=\"mh-post-grid__btn-wrapper\">\n\t\t\t\t\t\t<a href=\"https:\/\/werkalecinmuebles.com.ar\/index.php\/2025\/06\/06\/vida-club-de-campo-la-vida-familiar-perfecta-en-funes\/\" title=\"Vida Club de Campo: La vida familiar perfecta en Funes\"\n\t\t\t\t\t\t   class=\"mdl-button mdl-js-button mdl-button--raised mdl-button--primary-ghost\">\n\t\t\t\t\t\t\tRead more\t\t\t\t\t\t<\/a>\n\t\t\t\t\t<\/div>\n\t\t\t\t<\/div>\n\t\t\t<\/article>\n\t\t\t\t\t<article\n\t\t\t\tclass=\"mh-post-grid mh-post-grid--img-absolute mh-post-grid--white post-365 post type-post status-publish format-standard has-post-thumbnail hentry category-notas tag-casa-venta tag-country-vida tag-funes tag-jardin\">\n\t\t\t\t<a href=\"https:\/\/werkalecinmuebles.com.ar\/index.php\/2025\/05\/06\/mudanza-con-hijos-por-que-un-jardin-es-esencial-para-tu-nueva-casa\/\"\n\t\t\t\t   title=\"Mudanza con hijos: \u00bfPor qu\u00e9 un jard\u00edn es esencial para tu nueva casa?\"\n\t\t\t\t   class=\"mh-post-grid__thumbnail\">\n\t\t\t\t\t\t\t\t\t\t\t<div class=\"mh-thumbnail__inner \">\n\t\t\t\t\t\t\t\t\t<img\n\t\t\t\t\t\t\tdata-srcset=\"https:\/\/werkalecinmuebles.com.ar\/wp-content\/uploads\/2025\/05\/ChatGPT-Image-6-ago-2025_-19_23_44-_1_-1-120x75.webp 120w, https:\/\/werkalecinmuebles.com.ar\/wp-content\/uploads\/2025\/05\/ChatGPT-Image-6-ago-2025_-19_23_44-_1_-1-600x375.webp 600w, https:\/\/werkalecinmuebles.com.ar\/wp-content\/uploads\/2025\/05\/ChatGPT-Image-6-ago-2025_-19_23_44-_1_-1-400x250.webp 400w, https:\/\/werkalecinmuebles.com.ar\/wp-content\/uploads\/2025\/05\/ChatGPT-Image-6-ago-2025_-19_23_44-_1_-1-224x140.webp 224w\"\n\t\t\t\tclass=\"lazyload \"\n\t\t\t\tdata-sizes=\"auto\"\n\t\t\t\t\t\talt=\"Mudanza con hijos: \u00bfPor qu\u00e9 un jard\u00edn es esencial para tu nueva casa?\"\n\t\t>\n\t\t\t\t\t\t\t\t<\/div>\n\t\t\t\t\t\t<span class=\"mh-caption\">\n\t\t\t\t\t\t\t\t<span class=\"mh-caption__inner\">6 de mayo de 2025<\/span>\n\t\t\t\t\t\t\t<\/span>\n\t\t\t\t\t\t\t\t\t<\/a>\n\t\t\t\t<div class=\"mh-post-grid__inner\">\n\t\t\t\t\t<h3 class=\"mh-post-grid__heading\">\n\t\t\t\t\t\t<a href=\"https:\/\/werkalecinmuebles.com.ar\/index.php\/2025\/05\/06\/mudanza-con-hijos-por-que-un-jardin-es-esencial-para-tu-nueva-casa\/\" title=\"Mudanza con hijos: \u00bfPor qu\u00e9 un jard\u00edn es esencial para tu nueva casa?\">\n\t\t\t\t\t\t\tMudanza con hijos: \u00bfPor qu\u00e9 un jard\u00edn es esencial para tu nueva casa?\t\t\t\t\t\t<\/a>\n\t\t\t\t\t<\/h3>\n\t\t\t\t\t<div class=\"mh-post-grid__excerpt\">\n\t\t\t\t\t\tMudarse con hijos puede ser una aventura emocionante y desafiante al mismo tiempo, especialmente cuando est\u00e1s en la b\u00fasqueda de la casa ideal. \u00bfTe has preguntado por qu\u00e9 un jard\u00edn podr\u00eda ser esencial en tu...\t\t\t\t\t<\/div>\n\t\t\t\t\t<div class=\"mh-post-grid__btn-wrapper\">\n\t\t\t\t\t\t<a href=\"https:\/\/werkalecinmuebles.com.ar\/index.php\/2025\/05\/06\/mudanza-con-hijos-por-que-un-jardin-es-esencial-para-tu-nueva-casa\/\" title=\"Mudanza con hijos: \u00bfPor qu\u00e9 un jard\u00edn es esencial para tu nueva casa?\"\n\t\t\t\t\t\t   class=\"mdl-button mdl-js-button mdl-button--raised mdl-button--primary-ghost\">\n\t\t\t\t\t\t\tRead more\t\t\t\t\t\t<\/a>\n\t\t\t\t\t<\/div>\n\t\t\t\t<\/div>\n\t\t\t<\/article>\n\t\t\t\t\t<article\n\t\t\t\tclass=\"mh-post-grid mh-post-grid--img-absolute mh-post-grid--white post-332 post type-post status-publish format-standard has-post-thumbnail hentry category-notas tag-funes tag-inversion tag-mercado-inmobiliario\">\n\t\t\t\t<a href=\"https:\/\/werkalecinmuebles.com.ar\/index.php\/2025\/04\/01\/ventajas-de-las-casas-abiertas-mejora-tu-calidad-de-vida-y-aumenta-el-valor-de-tu-inversion-en-funes\/\"\n\t\t\t\t   title=\"Ventajas de las casas abiertas: mejora tu calidad de vida y aumenta el valor de tu inversi\u00f3n en funes\"\n\t\t\t\t   class=\"mh-post-grid__thumbnail\">\n\t\t\t\t\t\t\t\t\t\t\t<div class=\"mh-thumbnail__inner \">\n\t\t\t\t\t\t\t\t\t<img\n\t\t\t\t\t\t\tdata-srcset=\"https:\/\/werkalecinmuebles.com.ar\/wp-content\/uploads\/2025\/06\/imagen-notas-120x75.png 120w, https:\/\/werkalecinmuebles.com.ar\/wp-content\/uploads\/2025\/06\/imagen-notas-600x375.png 600w, https:\/\/werkalecinmuebles.com.ar\/wp-content\/uploads\/2025\/06\/imagen-notas-400x250.png 400w, https:\/\/werkalecinmuebles.com.ar\/wp-content\/uploads\/2025\/06\/imagen-notas-224x140.png 224w\"\n\t\t\t\tclass=\"lazyload \"\n\t\t\t\tdata-sizes=\"auto\"\n\t\t\t\t\t\talt=\"Ventajas de las casas abiertas: mejora tu calidad de vida y aumenta el valor de tu inversi\u00f3n en funes\"\n\t\t>\n\t\t\t\t\t\t\t\t<\/div>\n\t\t\t\t\t\t<span class=\"mh-caption\">\n\t\t\t\t\t\t\t\t<span class=\"mh-caption__inner\">1 de abril de 2025<\/span>\n\t\t\t\t\t\t\t<\/span>\n\t\t\t\t\t\t\t\t\t<\/a>\n\t\t\t\t<div class=\"mh-post-grid__inner\">\n\t\t\t\t\t<h3 class=\"mh-post-grid__heading\">\n\t\t\t\t\t\t<a href=\"https:\/\/werkalecinmuebles.com.ar\/index.php\/2025\/04\/01\/ventajas-de-las-casas-abiertas-mejora-tu-calidad-de-vida-y-aumenta-el-valor-de-tu-inversion-en-funes\/\" title=\"Ventajas de las casas abiertas: mejora tu calidad de vida y aumenta el valor de tu inversi\u00f3n en funes\">\n\t\t\t\t\t\t\tVentajas de las casas abiertas: mejora tu calidad de vida y aumenta el valor de tu inversi\u00f3n en funes\t\t\t\t\t\t<\/a>\n\t\t\t\t\t<\/h3>\n\t\t\t\t\t<div class=\"mh-post-grid__excerpt\">\n\t\t\t\t\t\t\u00bfAlguna vez te has preguntado c\u00f3mo una casa de concepto abierto puede transformar tu vida y aumentar el valor de tu inversi\u00f3n? En Funes, las casas de dise\u00f1o moderno y arquitectura abierta han capturado la...\t\t\t\t\t<\/div>\n\t\t\t\t\t<div class=\"mh-post-grid__btn-wrapper\">\n\t\t\t\t\t\t<a href=\"https:\/\/werkalecinmuebles.com.ar\/index.php\/2025\/04\/01\/ventajas-de-las-casas-abiertas-mejora-tu-calidad-de-vida-y-aumenta-el-valor-de-tu-inversion-en-funes\/\" title=\"Ventajas de las casas abiertas: mejora tu calidad de vida y aumenta el valor de tu inversi\u00f3n en funes\"\n\t\t\t\t\t\t   class=\"mdl-button mdl-js-button mdl-button--raised mdl-button--primary-ghost\">\n\t\t\t\t\t\t\tRead more\t\t\t\t\t\t<\/a>\n\t\t\t\t\t<\/div>\n\t\t\t\t<\/div>\n\t\t\t<\/article>\n\t\t\t<\/div>\n[\/vc_column][\/vc_row]<\/p>\n<\/div>","protected":false},"excerpt":{"rendered":"<p>[vc_row][vc_column css=&#8221;.vc_custom_1512407858131{padding-top: 12px !important;padding-bottom: 24px !important;}&#8221;][vc_row_inner][vc_column_inner width=&#8221;1\/2&#8243;][\/vc_column_inner][vc_column_inner width=&#8221;1\/2&#8243;][\/vc_column_inner][\/vc_row_inner][\/vc_column][\/vc_row][vc_row full_width=&#8221;stretch_row_content_no_spaces&#8221; equal_height=&#8221;yes&#8221; content_placement=&#8221;middle&#8221; css=&#8221;.vc_custom_1496137208354{background-color: #f4f4f4 !important;}&#8221;][vc_column width=&#8221;1\/2&#8243; css=&#8221;.vc_custom_1496231432424{padding-top: 0px !important;background-position: center !important;background-repeat: no-repeat !important;background-size: cover !important;}&#8221; el_class=&#8221;mh-2-col-image&#8221;][vc_single_image image=&#8221;105&#8243; img_size=&#8221;960&#215;742&#8243; css=&#8221;.vc_custom_1641527245886{margin-bottom: 0px !important;}&#8221;][\/vc_column][vc_column width=&#8221;1\/2&#8243; el_class=&#8221;mh-2-col-text&#8221;][vc_column_text el_class=&#8221;mh-font-size-m&#8221;]Realizar una inversi\u00f3n inmobiliaria, es una de las decisiones m\u00e1s importantes de nuestras vidas. Sobre todo si es la primera operaci\u00f3n que realizamos. [&hellip;]<\/p>\n","protected":false},"author":1,"featured_media":0,"parent":0,"menu_order":0,"comment_status":"closed","ping_status":"closed","template":"","meta":{"ngg_post_thumbnail":0,"footnotes":""},"class_list":["post-14","page","type-page","status-publish","hentry"],"acf":[],"_links":{"self":[{"href":"https:\/\/werkalecinmuebles.com.ar\/index.php\/wp-json\/wp\/v2\/pages\/14","targetHints":{"allow":["GET"]}}],"collection":[{"href":"https:\/\/werkalecinmuebles.com.ar\/index.php\/wp-json\/wp\/v2\/pages"}],"about":[{"href":"https:\/\/werkalecinmuebles.com.ar\/index.php\/wp-json\/wp\/v2\/types\/page"}],"author":[{"embeddable":true,"href":"https:\/\/werkalecinmuebles.com.ar\/index.php\/wp-json\/wp\/v2\/users\/1"}],"replies":[{"embeddable":true,"href":"https:\/\/werkalecinmuebles.com.ar\/index.php\/wp-json\/wp\/v2\/comments?post=14"}],"version-history":[{"count":6,"href":"https:\/\/werkalecinmuebles.com.ar\/index.php\/wp-json\/wp\/v2\/pages\/14\/revisions"}],"predecessor-version":[{"id":109,"href":"https:\/\/werkalecinmuebles.com.ar\/index.php\/wp-json\/wp\/v2\/pages\/14\/revisions\/109"}],"wp:attachment":[{"href":"https:\/\/werkalecinmuebles.com.ar\/index.php\/wp-json\/wp\/v2\/media?parent=14"}],"curies":[{"name":"wp","href":"https:\/\/api.w.org\/{rel}","templated":true}]}}