{"id":247,"date":"2023-01-07T17:58:47","date_gmt":"2023-01-07T17:58:47","guid":{"rendered":"https:\/\/werkalecinmuebles.com.ar\/?page_id=247"},"modified":"2023-01-07T17:58:47","modified_gmt":"2023-01-07T17:58:47","slug":"politica-de-privacidad","status":"publish","type":"page","link":"https:\/\/werkalecinmuebles.com.ar\/index.php\/politica-de-privacidad\/","title":{"rendered":"Politica de Privacidad"},"content":{"rendered":"<p>Esta Pol\u00edtica de Privacidad indica la informaci\u00f3n que &nbsp;<strong>WERKALEC INMUEBLES<\/strong>&nbsp; puede recopilar y el uso que puede dar a esa informaci\u00f3n. Tambi\u00e9n explica las medidas de seguridad tomadas para proteger su informaci\u00f3n, su posibilidad de acceder a su informaci\u00f3n, y a qui\u00e9n podr\u00e1 contactar en <strong>WERKALEC INMUEBLES<\/strong>&nbsp; para que sus preguntas en relaci\u00f3n con esta Pol\u00edtica de Privacidad sean contestadas<\/p>\n<h2>1.<strong>RECOPILACI\u00d3N Y UTILIZACI\u00d3N DE SU INFORMACI\u00d3N.<\/strong><\/h2>\n<p>1.1 Esta Pol\u00edtica de Privacidad contempla la recopilaci\u00f3n y uso de informaci\u00f3n personal en el Sitio Web.<\/p>\n<p>1.2 <strong>WERKALEC INMUEBLES<\/strong>&nbsp; no recopilar\u00e1 a trav\u00e9s del Sitio Web ninguna informaci\u00f3n sobre usted que pueda identificarlo personalmente, como, por ejemplo, su nombre, direcci\u00f3n, n\u00famero de tel\u00e9fono o direcci\u00f3n de correo electr\u00f3nico (en adelante, la \u201cInformaci\u00f3n Personal\u00bb), a menos que usted nos la brinde en forma voluntaria. Si usted no desea que recopilemos su Informaci\u00f3n Personal, por favor abst\u00e9ngase de proporcionarla, en caso contrario, se tomar\u00e1 como fehaciente y voluntario su consentimiento.<\/p>\n<p>1.3 En caso de que usted nos brinde Informaci\u00f3n Personal, le comunicamos que esa Informaci\u00f3n Personal ser\u00e1 objeto de tratamiento automatizado e incorporada a la base de datos de <strong>WERKALEC INMUEBLES<\/strong>&nbsp;.<\/p>\n<p>1.4 <strong>WERKALEC INMUEBLES<\/strong>&nbsp; en ning\u00fan momento recopilar\u00e1 informaci\u00f3n sensible sobre usted.<\/p>\n<h2>2.&nbsp;<strong>INFORMACI\u00d3N PERSONAL.<\/strong><\/h2>\n<p>2.1 <strong>WERKALEC INMUEBLES<\/strong>&nbsp;recopila Informaci\u00f3n Personal en l\u00ednea cuando:<\/p>\n<ul>\n<li>Usted se registra para hacer uso de alguno de los servicios disponibles del Sitio Web.<\/li>\n<li>Usted utiliza el Sitio Web.<\/li>\n<li>Usted nos env\u00eda preguntas, consultas o comentarios o se contacta con el Sitio Web.<\/li>\n<li>Usted solicita informaci\u00f3n o materiales.<\/li>\n<li>Usted provee de cualquier forma informaci\u00f3n al Sitio Web (chats, foros, uploads, etc.).<\/li>\n<\/ul>\n<p>2.2 El tipo de informaci\u00f3n recopilada puede incluir nombre, tipo y n\u00famero de documento, tel\u00e9fono, direcci\u00f3n de correo electr\u00f3nico y\/o cualquier otra informaci\u00f3n que permita individualizarlo. En todos los casos que usted brinde Informaci\u00f3n Personal, y de acuerdo a la legislaci\u00f3n vigente, usted declara que la Informaci\u00f3n Personal brindada es correcta, cierta y actual.<\/p>\n<p>2.3 En los casos que nos brinde su Informaci\u00f3n Personal, usted acepta y presta su consentimiento libre, expreso e informado para que dicha Informaci\u00f3n Personal sea utilizada con las finalidades arriba mencionadas y autoriza a que la misma sea tratada, almacenada, recopilada en las bases de datos de propiedad de <strong>WERKALEC INMUEBLES<\/strong> . En tal sentido, usted autoriza a que su Informaci\u00f3n Personal sea compartida con los clientes de <strong>WERKALEC INMUEBLES<\/strong>&nbsp;. Asimismo, usted acepta y presta su consentimiento libre, expreso e informado con los t\u00e9rminos de la presente Pol\u00edtica de Privacidad.<\/p>\n<h2><strong>3. CORREO ELECTR\u00d3NICO.<\/strong><\/h2>\n<p>3.1&nbsp; <strong>WERKALEC INMUEBLES<\/strong>&nbsp; podr\u00e1 enviarle correos electr\u00f3nicos en relaci\u00f3n con el contenido del Sitio Web, los servicios prestados por <strong>WERKALEC INMUEBLES<\/strong>&nbsp; o sobre su cuenta y en respuesta a sus preguntas, pedidos, consultas o comentarios. <strong>WERKALEC INMUEBLES<\/strong>&nbsp; tambi\u00e9n le podr\u00e1 enviar correos electr\u00f3nicos con informaci\u00f3n sobre productos y servicios ofrecidos por <strong>WERKALEC INMUEBLES<\/strong>&nbsp; y\/o terceros asociados comercialmente que le puedan resultar de inter\u00e9s, a menos que usted indique expresamente que no desea recibir dichos correos electr\u00f3nicos a trav\u00e9s de los procesos implementados por <strong>WERKALEC INMUEBLES<\/strong>&nbsp; a tal efecto.<\/p>\n<p>3.2 Usted podr\u00e1 solicitar en cualquier momento el retiro o bloqueo de su nombre de la base de datos a la que se refiere la presente Pol\u00edtica de Privacidad siguiendo el procedimiento se\u00f1alado en esta misma pol\u00edtica.<\/p>\n<p>3.3 Todo correo electr\u00f3nico que reciba de <strong>WERKALEC INMUEBLES<\/strong>&nbsp; le informar\u00e1 c\u00f3mo rechazar el env\u00edo de futuros correos electr\u00f3nicos promocionales. Asimismo, usted podr\u00e1 cambiar sus preferencias de recepci\u00f3n de correos electr\u00f3nicos publicitarios a trav\u00e9s de la configuraci\u00f3n de su cuenta en el propio Sitio Web en cualquier momento<\/p>\n<h2><strong>4.&nbsp;<\/strong><strong>OTRA INFORMACI\u00d3N \u2013 COOKIES.<\/strong><\/h2>\n<p>Cuando usted ingresa en el Sitio Web podemos almacenar alguna informaci\u00f3n en su computadora bajo la forma de \u201cCookie\u201d o archivo similar que puede sernos \u00fatil de varias formas. Con la mayor\u00eda de los exploradores para Internet, usted puede borrar las Cookies del disco r\u00edgido de su computadora, bloquear todas las Cookies o recibir un mensaje de alerta antes de que se almacene una Cookie. Por favor, consulta las instrucciones de su explorador para conocer m\u00e1s sobre estas funciones.<\/p>\n<h2>5.<strong>COMPARTIR SU INFORMACI\u00d3N.<\/strong><\/h2>\n<p>La Informaci\u00f3n Personal que usted suministre ser\u00e1 reputada y tratada como confidencial. Sin perjuicio de lo expuesto, <strong>WERKALEC INMUEBLES<\/strong>&nbsp; podr\u00e1 compartir total o parcialmente la Informaci\u00f3n Personal suministrada por usted, incluyendo registros de comportamiento y actividad en el Sitio, par\u00e1metros de inter\u00e9s de b\u00fasquedas as\u00ed como su historial de b\u00fasqueda, con la finalidad de proveerle ofertas, anuncios e informaci\u00f3n que se ajusten en la mayor medida posible a sus expectativas y preferencias, as\u00ed como tambi\u00e9n para permitir la prestaci\u00f3n de los servicios ofrecidos a trav\u00e9s del Sitio Web y para cumplir con la legislaci\u00f3n aplicable.<\/p>\n<h2>6.<strong>PROTECCI\u00d3N DE&nbsp; SU INFORMACI\u00d3N PERSONAL.<\/strong><\/h2>\n<p>6.1 Para prevenir acceso no autorizado, mantener la precisi\u00f3n de los datos y asegurar el uso correcto de su Informaci\u00f3n Personal, <strong>WERKALEC INMUEBLES<\/strong>&nbsp; ha puesto en uso ciertos medios f\u00edsicos, electr\u00f3nicos, administrativos y procedimientos de seguridad para resguardar y asegurar la Informaci\u00f3n Personal que recopilamos en l\u00ednea.. <strong>WERKALEC INMUEBLES<\/strong>&nbsp; garantiza que los procesos internos propios de las bases de datos cumplen con las obligaciones legales de seguridad y confidencialidad impuestas por las leyes de cada pa\u00eds en materia de privacidad y protecci\u00f3n de datos personales.<\/p>\n<p>6.2 A pesar de lo anterior, usted reconoce que los medios t\u00e9cnicos existentes que brindan seguridad no son inexpugnables y que aun cuando se adopten todos los recaudos razonables de seguridad es posible sufrir manipulaciones, destrucci\u00f3n y\/o p\u00e9rdida de informaci\u00f3n. De presentarse estos casos, <strong>WERKALEC INMUEBLES<\/strong>&nbsp; proceder\u00e1 conforme las leyes materia de privacidad y protecci\u00f3n de datos lo requieran.<\/p>\n<p>6.3.Usted consiente, reconoce y acepta que su informaci\u00f3n personal sea almacenada en la jurisdicci\u00f3n de <strong>WERKALEC INMUEBLES<\/strong>&nbsp; o que la misma pueda ser transferida, almacenada y tratada fuera de la Rep\u00fablica Argentina.&nbsp;<\/p>\n<h2>7.<strong>MENORES DE EDAD.<\/strong><\/h2>\n<p>7.1 <strong>WERKALEC INMUEBLES<\/strong>&nbsp; no tiene intenciones de recopilar Informaci\u00f3n Personal de menores de edad. Cuando corresponda, <strong>WERKALEC INMUEBLES<\/strong>&nbsp; le indicar\u00e1 espec\u00edficamente a los menores que no brinden esa informaci\u00f3n Personal en nuestro Sitio Web y\/o tomar\u00e1 medidas razonables para obtener el consentimiento de los padres, tutor o representante legal para la entrega de esa Informaci\u00f3n Personal.<\/p>\n<p>7.2 Le informamos que en su condici\u00f3n de padre, tutor legal o representante ser\u00e1 el responsable de que sus hijos menores o bajo su tutela accedan al Sitio Web, por lo que recomendamos enf\u00e1ticamente tomar las precauciones oportunas durante la navegaci\u00f3n en el Sitio Web. A este fin, le informamos que algunos navegadores permiten configurarse para que los ni\u00f1os no puedan acceder a p\u00e1ginas determinadas.<\/p>\n<h2>8.<strong>LINKS EXTERNOS.<\/strong><\/h2>\n<p>El Sitio Web puede contener links hacia y provenientes de otros sitios de Internet. <strong>WERKALEC INMUEBLES<\/strong>&nbsp; no es responsable por las pr\u00e1cticas de privacidad ni el tratamiento de los datos personales de esos sitios.<\/p>\n<h2><strong>&nbsp;9.<\/strong><strong>DERECHOS DEL USUARIO.<\/strong><\/h2>\n<p>9.1 Si usted ha proporcionado Informaci\u00f3n Personal a trav\u00e9s de los servicios disponibles en el Sitio Web, usted podr\u00e1 acceder a la misma, revisar, modificar, eliminar y actualizar su Informaci\u00f3n Personal en el momento que lo desee.<\/p>\n<p>9.2 Si usted desea acceder a su Informaci\u00f3n Personal o si tal Informaci\u00f3n Personales es incorrecta, desactualizada y\/o suprimida, por favor tenga a bien enviar su solicitad por correo electr\u00f3nico de acuerdo con las normas implementadas en su pa\u00eds tal como se detalla en la cl\u00e1usula 11 con el asunto \u201cInformar\u201d, \u201cRectificar\u201d, \u201cSuprimir\u201d y\/o \u201cActualizar\u201d y\/o cualquier otro seg\u00fan corresponda, conjuntamente con el objeto de su requerimiento. Dicha solicitud deber\u00e1 contener como m\u00ednimo la siguiente informaci\u00f3n:<\/p>\n<ul>\n<li>nombre y domicilio, a efecto de dar respuesta a su solicitud en los plazos establecidos en la ley aplicable;<\/li>\n<li>copia de su documento de identidad, pasaporte o cualquier otro documento que acredite su identidad o acredite la personalidad de su representante legal, y en caso que la solicitud se realice a trav\u00e9s del representante legal, acompa\u00f1ar el documento que acredita sus facultades como representante;<\/li>\n<li>descripci\u00f3n clara y precisa de los datos personales sobre los que se busca ejercer alguno de los derechos antes mencionados de acceso, rectificaci\u00f3n, oposici\u00f3n, cancelaci\u00f3n o revocaci\u00f3n, as\u00ed como la descripci\u00f3n clara y precisa de su solicitud;<\/li>\n<li>fecha y firma del solicitante; y<\/li>\n<li>cualquier otro elemento o documento que facilite la localizaci\u00f3n de dichos datos personales.<\/li>\n<\/ul>\n<p>9.3 Asimismo, si usted se suscribe a alguno de los servicios o comunicaciones que ofrece <strong>WERKALEC INMUEBLES<\/strong>&nbsp; podr\u00e1 dar de baja su suscripci\u00f3n en cualquier momento siguiendo las instrucciones incluidas en cada comunicaci\u00f3n.<\/p>\n<p>9.4 <strong>WERKALEC INMUEBLES<\/strong>&nbsp; cooperar\u00e1 con las autoridades de cada pa\u00eds cuando \u00e9stas requieran formalmente cualquier informaci\u00f3n relacionada con nuestras bases de datos.<\/p>\n<h2>10.<strong>CAMBIOS A ESTE AVISO DE PRIVACIDAD.<\/strong><\/h2>\n<p><strong>WERKALEC INMUEBLES<\/strong>&nbsp; se reserva el derecho a modificar esta Pol\u00edtica de Privacidad peri\u00f3dicamente, en cuyo caso la pol\u00edtica actualizada se publicar\u00e1 en este mismo sitio, siendo obligaci\u00f3n de los usuarios revisar regularmente esta secci\u00f3n a fin de informarse de cualquier cambio que se pueda haber producido. De todos modos, <strong>WERKALEC INMUEBLES<\/strong>&nbsp; cursar\u00e1 una comunicaci\u00f3n a su cuenta de correo electr\u00f3nico registrada a efectos de informarle sobre el cambio en la Pol\u00edtica de Privacidad<\/p>\n<h2>11.<strong>LOCALIZACI\u00d3N PARA USUARIOS EN ARGENTINA.<\/strong><\/h2>\n<p>11.1 <strong>WERKALEC INMUEBLES<\/strong> significa Mar\u00eda Daniela Werkalec, con domicilio en Alvear 14421, Rosaro, provincia de Santa Fe. El Sitio Web es werkalecinmuebles.com.ar La presente Pol\u00edtica de Privacidad se rige por la las leyes de la Rep\u00fablica Argentina.<\/p>\n<p>11.2 El derecho de acceso a los datos podr\u00e1 ser ejercido en forma gratuita por el interesado en la medida que la correspondiente informaci\u00f3n sea solicitada en intervalos no inferiores a seis meses, salvo que se acredite un inter\u00e9s leg\u00edtimo al efecto.<\/p>\n<p>11.3 El contacto para ejercer los derechos de acceso, rectificaci\u00f3n, actualizaci\u00f3n y supresi\u00f3n de la Informaci\u00f3n Personal es:&nbsp;<a href=\"mailto:daniela.werkalec@gmail.com\">contacto@werkalecinmuebles.com.ar<\/a><\/p>\n<p>11.4 La Informaci\u00f3n Personal recabada a trav\u00e9s del Sitio Web puede ser transferida para los fines anteriormente descritos a nuestras filiales, entidades asociadas y proveedores de servicios, en otros pa\u00edses. Dichos pa\u00edses pueden no tener la misma normativa de protecci\u00f3n de datos que la que existe en Argentina. Cuando transfiramos su Informaci\u00f3n Personal a otros pa\u00edses, la protegeremos en la forma descrita en este documento.<\/p>\n<p>11.5 De conformidad con la Ley 25.326 y la Disposici\u00f3n 11\/06 de la Agencia de Acceso a la Informaci\u00f3n P\u00fablica (ex Direcci\u00f3n Nacional de Protecci\u00f3n de Datos Personales) hemos implementado salvaguardas que garantizan un nivel adecuado de protecci\u00f3n de la Informaci\u00f3n Personal que se transfiere fuera de sus fronteras.<\/p>\n<p>11.6 Se hace saber que la Agencia de Acceso a la Informaci\u00f3n P\u00fablica, \u00d3rgano de Control de la Ley N\u00ba 25.326, tiene la atribuci\u00f3n de atender las denuncias y reclamos que se interpongan con relaci\u00f3n al incumplimiento de las normas sobre protecci\u00f3n de datos personales.<\/p>\n<h2>12.<strong>CONTACTO.<\/strong><\/h2>\n<p>Si tiene preguntas sobre su privacidad cuando utilice el Sitio Web, por favor cont\u00e1ctenos a los siguientes correo: <a href=\"mailto:daniela.werkalec@gmail.com\">contacto@werkalecinmuebles.com.ar<\/a><\/p>\n","protected":false},"excerpt":{"rendered":"<p>Esta Pol\u00edtica de Privacidad indica la informaci\u00f3n que &nbsp;WERKALEC INMUEBLES&nbsp; puede recopilar y el uso que puede dar a esa informaci\u00f3n. Tambi\u00e9n explica las medidas de seguridad tomadas para proteger su informaci\u00f3n, su posibilidad de acceder a su informaci\u00f3n, y a qui\u00e9n podr\u00e1 contactar en WERKALEC INMUEBLES&nbsp; para que sus preguntas en relaci\u00f3n con esta [&hellip;]<\/p>\n","protected":false},"author":1,"featured_media":0,"parent":0,"menu_order":0,"comment_status":"closed","ping_status":"closed","template":"","meta":{"ngg_post_thumbnail":0,"footnotes":""},"class_list":["post-247","page","type-page","status-publish","hentry"],"acf":[],"_links":{"self":[{"href":"https:\/\/werkalecinmuebles.com.ar\/index.php\/wp-json\/wp\/v2\/pages\/247","targetHints":{"allow":["GET"]}}],"collection":[{"href":"https:\/\/werkalecinmuebles.com.ar\/index.php\/wp-json\/wp\/v2\/pages"}],"about":[{"href":"https:\/\/werkalecinmuebles.com.ar\/index.php\/wp-json\/wp\/v2\/types\/page"}],"author":[{"embeddable":true,"href":"https:\/\/werkalecinmuebles.com.ar\/index.php\/wp-json\/wp\/v2\/users\/1"}],"replies":[{"embeddable":true,"href":"https:\/\/werkalecinmuebles.com.ar\/index.php\/wp-json\/wp\/v2\/comments?post=247"}],"version-history":[{"count":1,"href":"https:\/\/werkalecinmuebles.com.ar\/index.php\/wp-json\/wp\/v2\/pages\/247\/revisions"}],"predecessor-version":[{"id":248,"href":"https:\/\/werkalecinmuebles.com.ar\/index.php\/wp-json\/wp\/v2\/pages\/247\/revisions\/248"}],"wp:attachment":[{"href":"https:\/\/werkalecinmuebles.com.ar\/index.php\/wp-json\/wp\/v2\/media?parent=247"}],"curies":[{"name":"wp","href":"https:\/\/api.w.org\/{rel}","templated":true}]}}