{"id":8,"date":"2022-01-06T12:46:56","date_gmt":"2022-01-06T12:46:56","guid":{"rendered":"https:\/\/werkalecinmuebles.com.ar\/?page_id=8"},"modified":"2025-07-30T15:07:46","modified_gmt":"2025-07-30T15:07:46","slug":"contacto","status":"publish","type":"page","link":"https:\/\/werkalecinmuebles.com.ar\/index.php\/contacto\/","title":{"rendered":"Contacto"},"content":{"rendered":"<div class=\"wpb-content-wrapper\"><p>[vc_row][vc_column][vc_column_text]<p>[\/vc_column_text][\/vc_column][\/vc_row][vc_row full_width=&#8221;stretch_row&#8221; equal_height=&#8221;yes&#8221; css=&#8221;.vc_custom_1494337711020{margin-bottom: 48px !important;}&#8221;][vc_column width=&#8221;1\/3&#8243; css=&#8221;.vc_custom_1494336662073{padding-right: 24px !important;}&#8221;]<div class=\"mh-heading-wrapper--left \">\n\t\n        <div class=\"mh-heading-wrapper\">\n            <h2            class=\"mh-heading  mh-heading--bottom-separator   \"\n            style=\"font-weight:700;\">\n\t\t\tEscribinos        <\/h2>\n\n\t\t    <\/div>\n\n\t<\/div>[vc_raw_html css=&#8221;&#8221;]JTNDc2NyaXB0JTNFJTIxZnVuY3Rpb24lMjhhJTJDbSUyQ28lMkNjJTJDciUyQ20lMjklN0JhJTVCbyUyQmMlNUQlM0RhJTVCbyUyQmMlNUQlN0MlN0MlN0JzZXRNZXRhJTNBZnVuY3Rpb24lMjhwJTI5JTdCdGhpcy5wYXJhbXMlM0QlMjh0aGlzLnBhcmFtcyU3QyU3QyU1QiU1RCUyOS5jb25jYXQlMjglNUJwJTVEJTI5JTdEJTdEJTJDYSU1Qm8lMkJyJTVEJTNEYSU1Qm8lMkJyJTVEJTdDJTdDZnVuY3Rpb24lMjhmJTI5JTdCYSU1Qm8lMkJyJTVELmYlM0QlMjhhJTVCbyUyQnIlNUQuZiU3QyU3QyU1QiU1RCUyOS5jb25jYXQlMjglNUJmJTVEJTI5JTdEJTJDYSU1Qm8lMkJyJTVEJTI4JTdCaWQlM0ElMjI4MzQ2MzUlMjIlMkNoYXNoJTNBJTIyOTE2NDkwNzYxNjJjYmE0OGY5YmUzZTE4MDkxZWViNDMlMjIlMkNsb2NhbGUlM0ElMjJlcyUyMiU3RCUyOSUyQ2ElNUJvJTJCbSU1RCUzRGElNUJvJTJCbSU1RCU3QyU3Q2Z1bmN0aW9uJTI4ZiUyQ2slMjklN0JhJTVCbyUyQm0lNUQuZiUzRCUyOGElNUJvJTJCbSU1RC5mJTdDJTdDJTVCJTVEJTI5LmNvbmNhdCUyOCU1QiU1QmYlMkNrJTVEJTVEJTI5JTdEJTdEJTI4d2luZG93JTJDMCUyQyUyMmFtb19mb3Jtc18lMjIlMkMlMjJwYXJhbXMlMjIlMkMlMjJsb2FkJTIyJTJDJTIybG9hZGVkJTIyJTI5JTNCJTNDJTJGc2NyaXB0JTNFJTNDc2NyaXB0JTIwaWQlM0QlMjJhbW9mb3Jtc19zY3JpcHRfODM0NjM1JTIyJTIwYXN5bmMlM0QlMjJhc3luYyUyMiUyMGNoYXJzZXQlM0QlMjJ1dGYtOCUyMiUyMHNyYyUzRCUyMmh0dHBzJTNBJTJGJTJGZm9ybXMua29tbW8uY29tJTJGZm9ybXMlMkZhc3NldHMlMkZqcyUyRmFtb2Zvcm1zLmpzJTNGMTc1Mzg4Nzg2NCUyMiUzRSUzQyUyRnNjcmlwdCUzRQ==[\/vc_raw_html][\/vc_column][vc_column width=&#8221;1\/3&#8243; css=&#8221;.vc_custom_1494336828259{padding-right: 24px !important;padding-left: 24px !important;background-color: #f4f4f4 !important;}&#8221;][vc_column_text 0=&#8221;&#8221;]<\/p>\n<p>Por cualquier duda o inquietud, no dejes de conectarte con nosotros.<\/p>\n<p>Estamos para responder tus consulta.<\/p>\n<p>Invertir en Espa\u00f1a no s\u00f3lo es posible, sino que es una de las mejores opci\u00f3n en este contexto Argentino, de resguardar tu capital, y generar rentas en euros para vivir como un rey.<\/p>\n<p>Nuestras v\u00edas de contacto:<\/p>\n<p><strong>Email:<\/strong> <span style=\"color: #3366ff;\"><a style=\"color: #3366ff;\" href=\"mailto:info@werkalecinmuebles.com.ar\">info@werkalecinmuebles.com.ar<\/a><\/span><\/p>\n<p><strong>Tel\u00e9fono \/ Whatsapp :<\/strong> <span style=\"color: #3366ff;\"><a style=\"color: #3366ff;\" href=\"https:\/\/api.whatsapp.com\/send?phone=543415098098&amp;text=Quiero%20que%20WERKALECINMUEBLES%20me%20contacte\">(+54 341) 5 098-098<\/a><\/span><\/p>\n<p><strong>Direcci\u00f3n:<\/strong> Alvear 1442, Depto 2, Rosario, ARGENTINA<\/p>\n<p>[\/vc_column_text][\/vc_column][vc_column width=&#8221;1\/3&#8243; css=&#8221;.vc_custom_1494336835635{padding-right: 24px !important;padding-left: 24px !important;background-color: #f4f4f4 !important;}&#8221;][vc_column_text css=&#8221;&#8221;]<\/p>\n<p>Si quer\u00e9s acercarte a nuestras oficinas, te recomendamos que nos llames ANTES. Nuestra actividad tiene mucho de trabajo fuera de la oficina!<\/p>\n<p>Nuestros horarios:<\/p>\n<p><strong>Lunes a Viernes :<\/strong>&nbsp;9 a.m. to 5 p.m.<\/p>\n<p><strong>S\u00e1bados:<\/strong> 10 a.m. to 3 p.m.<\/p>\n<p><strong>Domingos:<\/strong>&nbsp;Cerrados pero igualmente podemos combinar visitas<\/p>\n<p>[\/vc_column_text][\/vc_column][\/vc_row][vc_row][vc_column][vc_column_text]<\/p>\n\r\n<p>[\/vc_column_text][\/vc_column][\/vc_row]<\/p><\/div>","protected":false},"excerpt":{"rendered":"<p>[vc_row][vc_column][vc_column_text] [\/vc_column_text][\/vc_column][\/vc_row]<\/p>\n","protected":false},"author":1,"featured_media":0,"parent":0,"menu_order":0,"comment_status":"closed","ping_status":"closed","template":"","meta":{"ngg_post_thumbnail":0,"footnotes":""},"class_list":["post-8","page","type-page","status-publish","hentry"],"acf":[],"_links":{"self":[{"href":"https:\/\/werkalecinmuebles.com.ar\/index.php\/wp-json\/wp\/v2\/pages\/8","targetHints":{"allow":["GET"]}}],"collection":[{"href":"https:\/\/werkalecinmuebles.com.ar\/index.php\/wp-json\/wp\/v2\/pages"}],"about":[{"href":"https:\/\/werkalecinmuebles.com.ar\/index.php\/wp-json\/wp\/v2\/types\/page"}],"author":[{"embeddable":true,"href":"https:\/\/werkalecinmuebles.com.ar\/index.php\/wp-json\/wp\/v2\/users\/1"}],"replies":[{"embeddable":true,"href":"https:\/\/werkalecinmuebles.com.ar\/index.php\/wp-json\/wp\/v2\/comments?post=8"}],"version-history":[{"count":12,"href":"https:\/\/werkalecinmuebles.com.ar\/index.php\/wp-json\/wp\/v2\/pages\/8\/revisions"}],"predecessor-version":[{"id":364,"href":"https:\/\/werkalecinmuebles.com.ar\/index.php\/wp-json\/wp\/v2\/pages\/8\/revisions\/364"}],"wp:attachment":[{"href":"https:\/\/werkalecinmuebles.com.ar\/index.php\/wp-json\/wp\/v2\/media?parent=8"}],"curies":[{"name":"wp","href":"https:\/\/api.w.org\/{rel}","templated":true}]}}